{"id":2,"date":"2025-07-04T16:26:28","date_gmt":"2025-07-04T16:26:28","guid":{"rendered":"http:\/\/libelco.eu\/?page_id=2"},"modified":"2025-07-16T07:31:17","modified_gmt":"2025-07-16T07:31:17","slug":"sample-page","status":"publish","type":"page","link":"https:\/\/libelco.eu\/?page_id=2","title":{"rendered":"Contact"},"content":{"rendered":"\n<p>Active depuis plus de 50 ans, Libelco SA est \u00e0 votre \u00e9coute pour toute transaction d&rsquo;achat et de vente de v\u00e9hicules dans plusieurs pays \u00e0 travers le monde.<\/p>\n\n\n\n<p>Prochainement, nous ouvrirons \u00e9galement une Agende de Douane.<\/p>\n\n\n\n<p>Contactez-nous pour plus de renseignements.<\/p>\n","protected":false},"excerpt":{"rendered":"<p>Active depuis plus de 50 ans, Libelco SA est \u00e0 votre \u00e9coute pour toute transaction d&rsquo;achat et de vente de v\u00e9hicules dans plusieurs pays \u00e0 travers le monde. Prochainement, nous ouvrirons \u00e9galement une Agende de Douane. Contactez-nous pour plus de renseignements.<\/p>\n","protected":false},"author":1,"featured_media":0,"parent":0,"menu_order":0,"comment_status":"closed","ping_status":"closed","template":"","meta":{"footnotes":""},"class_list":["post-2","page","type-page","status-publish","hentry"],"_links":{"self":[{"href":"https:\/\/libelco.eu\/index.php?rest_route=\/wp\/v2\/pages\/2","targetHints":{"allow":["GET"]}}],"collection":[{"href":"https:\/\/libelco.eu\/index.php?rest_route=\/wp\/v2\/pages"}],"about":[{"href":"https:\/\/libelco.eu\/index.php?rest_route=\/wp\/v2\/types\/page"}],"author":[{"embeddable":true,"href":"https:\/\/libelco.eu\/index.php?rest_route=\/wp\/v2\/users\/1"}],"replies":[{"embeddable":true,"href":"https:\/\/libelco.eu\/index.php?rest_route=%2Fwp%2Fv2%2Fcomments&post=2"}],"version-history":[{"count":8,"href":"https:\/\/libelco.eu\/index.php?rest_route=\/wp\/v2\/pages\/2\/revisions"}],"predecessor-version":[{"id":28,"href":"https:\/\/libelco.eu\/index.php?rest_route=\/wp\/v2\/pages\/2\/revisions\/28"}],"wp:attachment":[{"href":"https:\/\/libelco.eu\/index.php?rest_route=%2Fwp%2Fv2%2Fmedia&parent=2"}],"curies":[{"name":"wp","href":"https:\/\/api.w.org\/{rel}","templated":true}]}}